{"id":68,"date":"2019-01-18T11:17:13","date_gmt":"2019-01-18T10:17:13","guid":{"rendered":"http:\/\/www.biologie.codep45.fr\/?page_id=68"},"modified":"2020-02-06T10:47:22","modified_gmt":"2020-02-06T09:47:22","slug":"parler-bio-sous-leau-cest-maintenant-possible-les-signes-pour-la-reconnaissance-des-organismes","status":"publish","type":"page","link":"http:\/\/www.biologie.codep45.fr\/?page_id=68","title":{"rendered":"Parler bio sous l&rsquo;eau, c&rsquo;est maintenant possible : les signes  pour la reconnaissance des organismes"},"content":{"rendered":"<p><span style=\"vertical-align: inherit;\"><span style=\"vertical-align: inherit;\">Depuis l&rsquo;AG d&rsquo;Amn\u00e9ville, au printemps dernier, ils ont \u00e9t\u00e9 transf\u00e9r\u00e9s sur le site de la Commission nationale de biologie subaquatique, et ont b\u00e9n\u00e9fici\u00e9 de cette mise en pratique :<\/span><\/span><\/p>\n<p><\/p>\n\n\n<div class=\"wp-block-file\"><a href=\"http:\/\/www.biologie.codep45.fr\/wp-content\/uploads\/2020\/01\/Les-signes-BIO-V2-2019.pdf\">Les signes BIO V2 2019<\/a><a href=\"http:\/\/www.biologie.codep45.fr\/wp-content\/uploads\/2020\/01\/Les-signes-BIO-V2-2019.pdf\" class=\"wp-block-file__button\" download>T\u00e9l\u00e9charger<\/a><\/div>\n\n\n\n<div class=\"wp-block-file\"><a href=\"http:\/\/www.biologie.codep45.fr\/wp-content\/uploads\/2020\/02\/Crit\u00e8res-de-choix-des-signes-bio.pdf\">Crit\u00e8res de choix des signes bio<\/a><a href=\"http:\/\/www.biologie.codep45.fr\/wp-content\/uploads\/2020\/02\/Crit\u00e8res-de-choix-des-signes-bio.pdf\" class=\"wp-block-file__button\" download>T\u00e9l\u00e9charger<\/a><\/div>\n","protected":false},"excerpt":{"rendered":"<p>Depuis l&rsquo;AG d&rsquo;Amn\u00e9ville, au printemps dernier, ils ont \u00e9t\u00e9 transf\u00e9r\u00e9s sur le site de la Commission nationale de biologie subaquatique, et ont b\u00e9n\u00e9fici\u00e9 de cette mise en pratique :<\/p>\n","protected":false},"author":1,"featured_media":0,"parent":0,"menu_order":0,"comment_status":"closed","ping_status":"closed","template":"","meta":[],"_links":{"self":[{"href":"http:\/\/www.biologie.codep45.fr\/index.php?rest_route=\/wp\/v2\/pages\/68"}],"collection":[{"href":"http:\/\/www.biologie.codep45.fr\/index.php?rest_route=\/wp\/v2\/pages"}],"about":[{"href":"http:\/\/www.biologie.codep45.fr\/index.php?rest_route=\/wp\/v2\/types\/page"}],"author":[{"embeddable":true,"href":"http:\/\/www.biologie.codep45.fr\/index.php?rest_route=\/wp\/v2\/users\/1"}],"replies":[{"embeddable":true,"href":"http:\/\/www.biologie.codep45.fr\/index.php?rest_route=%2Fwp%2Fv2%2Fcomments&post=68"}],"version-history":[{"count":4,"href":"http:\/\/www.biologie.codep45.fr\/index.php?rest_route=\/wp\/v2\/pages\/68\/revisions"}],"predecessor-version":[{"id":269,"href":"http:\/\/www.biologie.codep45.fr\/index.php?rest_route=\/wp\/v2\/pages\/68\/revisions\/269"}],"wp:attachment":[{"href":"http:\/\/www.biologie.codep45.fr\/index.php?rest_route=%2Fwp%2Fv2%2Fmedia&parent=68"}],"curies":[{"name":"wp","href":"https:\/\/api.w.org\/{rel}","templated":true}]}}